{"id":96,"date":"2025-08-13T21:00:56","date_gmt":"2025-08-14T03:00:56","guid":{"rendered":"https:\/\/angularity.dev\/acerca-de-mi\/"},"modified":"2025-08-14T20:03:24","modified_gmt":"2025-08-15T02:03:24","slug":"acerca-de-mi","status":"publish","type":"page","link":"https:\/\/angularity.dev\/es\/acerca-de-mi\/","title":{"rendered":"Acerca de m\u00ed"},"content":{"rendered":"\n<p>\u00a1Hola! \u00a1Hola! Mi nombre es\u00a0<a href=\"https:\/\/marcotello.com\/\">Marco Tello<\/a>, \u00a0y soy un desarrollador de software con m\u00e1s de 18 a\u00f1os de experiencia. Actualmente trabajo como Staff Engineer, con un fuerte enfoque en Angular y una s\u00f3lida experiencia en .NET.<\/p>\n\n\n\n<p>Mi misi\u00f3n es ayudarte a mejorar tus habilidades en Angular y llevarte al siguiente nivel. En este blog vas a aprender como a escribir un c\u00f3digo m\u00e1s limpio, implementar patones de dise\u00f1o y crear aplicaciones robustas.<\/p>\n\n\n\n<blockquote class=\"wp-block-quote is-layout-flow wp-block-quote-is-layout-flow\">\n<p>Angular no es solo un framework \u2014 es un superpoder.<\/p>\n<\/blockquote>\n\n\n\n<figure class=\"wp-block-image size-large\" style=\"margin-top:var(--wp--preset--spacing--x-large);margin-bottom:var(--wp--preset--spacing--x-large)\"><img loading=\"lazy\" decoding=\"async\" width=\"1024\" height=\"457\" src=\"https:\/\/angularity.dev\/wp-content\/uploads\/2025\/08\/LogoAngularity-slogan-1024x457.png\" alt=\"\" class=\"wp-image-60\" srcset=\"https:\/\/angularity.dev\/wp-content\/uploads\/2025\/08\/LogoAngularity-slogan-1024x457.png 1024w, https:\/\/angularity.dev\/wp-content\/uploads\/2025\/08\/LogoAngularity-slogan-300x134.png 300w, https:\/\/angularity.dev\/wp-content\/uploads\/2025\/08\/LogoAngularity-slogan-768x343.png 768w, https:\/\/angularity.dev\/wp-content\/uploads\/2025\/08\/LogoAngularity-slogan-1536x686.png 1536w, https:\/\/angularity.dev\/wp-content\/uploads\/2025\/08\/LogoAngularity-slogan.png 1948w\" sizes=\"auto, (max-width: 1024px) 100vw, 1024px\" \/><\/figure>\n","protected":false},"excerpt":{"rendered":"<p>\u00a1Hola! \u00a1Hola! Mi nombre es\u00a0Marco Tello, \u00a0y soy un desarrollador de software con m\u00e1s de 18 a\u00f1os de experiencia. Actualmente trabajo como Staff Engineer, con un fuerte enfoque en Angular y una s\u00f3lida experiencia en .NET. Mi misi\u00f3n es ayudarte a mejorar tus habilidades en Angular y llevarte al siguiente nivel. En este blog vas [&hellip;]<\/p>\n","protected":false},"author":1,"featured_media":0,"parent":0,"menu_order":0,"comment_status":"closed","ping_status":"closed","template":"","meta":{"footnotes":""},"class_list":["post-96","page","type-page","status-publish","hentry"],"_links":{"self":[{"href":"https:\/\/angularity.dev\/es\/wp-json\/wp\/v2\/pages\/96","targetHints":{"allow":["GET"]}}],"collection":[{"href":"https:\/\/angularity.dev\/es\/wp-json\/wp\/v2\/pages"}],"about":[{"href":"https:\/\/angularity.dev\/es\/wp-json\/wp\/v2\/types\/page"}],"author":[{"embeddable":true,"href":"https:\/\/angularity.dev\/es\/wp-json\/wp\/v2\/users\/1"}],"replies":[{"embeddable":true,"href":"https:\/\/angularity.dev\/es\/wp-json\/wp\/v2\/comments?post=96"}],"version-history":[{"count":4,"href":"https:\/\/angularity.dev\/es\/wp-json\/wp\/v2\/pages\/96\/revisions"}],"predecessor-version":[{"id":103,"href":"https:\/\/angularity.dev\/es\/wp-json\/wp\/v2\/pages\/96\/revisions\/103"}],"wp:attachment":[{"href":"https:\/\/angularity.dev\/es\/wp-json\/wp\/v2\/media?parent=96"}],"curies":[{"name":"wp","href":"https:\/\/api.w.org\/{rel}","templated":true}]}}